{"id":9,"date":"2022-01-19T16:35:28","date_gmt":"2022-01-19T15:35:28","guid":{"rendered":"https:\/\/gewerbepark-bentwisch.de\/?page_id=9"},"modified":"2022-01-21T12:16:40","modified_gmt":"2022-01-21T11:16:40","slug":"startseite","status":"publish","type":"page","link":"https:\/\/gewerbepark-bentwisch.de\/","title":{"rendered":"Home"},"content":{"rendered":"\t\t<div data-elementor-type=\"wp-page\" data-elementor-id=\"9\" class=\"elementor elementor-9\">\n\t\t\t\t\t\t<section class=\"elementor-section elementor-top-section elementor-element elementor-element-493359ad elementor-section-boxed elementor-section-height-default elementor-section-height-default\" data-id=\"493359ad\" data-element_type=\"section\">\n\t\t\t\t\t\t<div class=\"elementor-container elementor-column-gap-default\">\n\t\t\t\t\t<div class=\"elementor-column elementor-col-100 elementor-top-column elementor-element elementor-element-503f23e9\" data-id=\"503f23e9\" data-element_type=\"column\">\n\t\t\t<div class=\"elementor-widget-wrap elementor-element-populated\">\n\t\t\t\t\t\t<div class=\"elementor-element elementor-element-24ebd3b0 elementor-widget elementor-widget-text-editor\" data-id=\"24ebd3b0\" data-element_type=\"widget\" data-widget_type=\"text-editor.default\">\n\t\t\t\t<div class=\"elementor-widget-container\">\n\t\t\t\t\t\t\t<p>Seit Anfang der 90er Jahre hat sich die Gemeinde Bentwisch zu einem gefragten Standort f\u00fcr Handel, Dienstleistung, Handwerk und Produktion im Gro\u00dfraum Rostock entwickelt. Vor den Toren der Hansestadt entstand im Kreuzungsbereich der Autobahn 19 und der Bundesstra\u00dfe 105 ein 100 ha gro\u00dfer Gewerbe- und Handelspark.<\/p>\n<p><strong>Aktuell sind alle Fl\u00e4chen im Gewerbepark Bentwisch verkauft.<\/strong><\/p>\t\t\t\t\t\t<\/div>\n\t\t\t\t<\/div>\n\t\t\t\t\t<\/div>\n\t\t<\/div>\n\t\t\t\t\t<\/div>\n\t\t<\/section>\n\t\t\t\t<\/div>\n\t\t","protected":false},"excerpt":{"rendered":"<p>Seit Anfang der 90er Jahre hat sich die Gemeinde Bentwisch zu einem gefragten Standort f\u00fcr Handel, Dienstleistung, Handwerk und Produktion im Gro\u00dfraum Rostock entwickelt. Vor den Toren der Hansestadt entstand im Kreuzungsbereich der Autobahn 19 und der Bundesstra\u00dfe 105 ein 100 ha gro\u00dfer Gewerbe- und Handelspark. Aktuell sind alle Fl\u00e4chen im Gewerbepark Bentwisch verkauft.<\/p>\n","protected":false},"author":2,"featured_media":0,"parent":0,"menu_order":0,"comment_status":"closed","ping_status":"closed","template":"","meta":{"footnotes":""},"class_list":["post-9","page","type-page","status-publish","hentry"],"_links":{"self":[{"href":"https:\/\/gewerbepark-bentwisch.de\/index.php\/wp-json\/wp\/v2\/pages\/9","targetHints":{"allow":["GET"]}}],"collection":[{"href":"https:\/\/gewerbepark-bentwisch.de\/index.php\/wp-json\/wp\/v2\/pages"}],"about":[{"href":"https:\/\/gewerbepark-bentwisch.de\/index.php\/wp-json\/wp\/v2\/types\/page"}],"author":[{"embeddable":true,"href":"https:\/\/gewerbepark-bentwisch.de\/index.php\/wp-json\/wp\/v2\/users\/2"}],"replies":[{"embeddable":true,"href":"https:\/\/gewerbepark-bentwisch.de\/index.php\/wp-json\/wp\/v2\/comments?post=9"}],"version-history":[{"count":9,"href":"https:\/\/gewerbepark-bentwisch.de\/index.php\/wp-json\/wp\/v2\/pages\/9\/revisions"}],"predecessor-version":[{"id":50,"href":"https:\/\/gewerbepark-bentwisch.de\/index.php\/wp-json\/wp\/v2\/pages\/9\/revisions\/50"}],"wp:attachment":[{"href":"https:\/\/gewerbepark-bentwisch.de\/index.php\/wp-json\/wp\/v2\/media?parent=9"}],"curies":[{"name":"wp","href":"https:\/\/api.w.org\/{rel}","templated":true}]}}